{"id":1476,"date":"2019-03-07T15:41:26","date_gmt":"2019-03-07T15:41:26","guid":{"rendered":"https:\/\/www.alineadesignobjects.com\/alinea\/akoestisch-advies\/"},"modified":"2021-07-31T10:24:44","modified_gmt":"2021-07-31T10:24:44","slug":"akustische-beratung","status":"publish","type":"page","link":"https:\/\/www.alinea.be\/de\/akustische-beratung\/","title":{"rendered":"Akustische Beratung"},"content":{"rendered":"Eine gelungene Innenarchitektur ist mehr als nur R\u00e4ume gestalten und einteilen.<br \/>\r\nMaterial, Farbe, Licht, Mobiliar, Kunst und erg\u00e4nzende Accessoires bestimmen die Atmosph\u00e4re.<br \/>\r\nWenn sie auch nicht sichtbar ist, h\u00f6rbar dagegen ist sie sehr wohl, und so liefert gute Akustik einen sehr wichtigen Beitrag f\u00fcr eine angenehme Inneneinrichtung.<br \/>\r\nIn (fast) all unseren Entw\u00fcrfen f\u00fcr Inneneinrichtungen werden akustische L\u00f6sungen unauff\u00e4llig in die Innenarchitektur einbezogen. Auf diesem Gebiet haben wir umfangreiches Fachwissen erworben und k\u00f6nnen daher kreative L\u00f6sungen f\u00fcr allerlei akustische Probleme anbieten, ob es sich nun um Ihre Privatwohnung, ein Gesch\u00e4ft, B\u00fcro, Restaurant oder ein \u00f6ffentliches Geb\u00e4ude handelt.<br \/>\r\n<br \/>\r\n<img decoding=\"async\" loading=\"lazy\" class=\"alignnone wp-image-1410 size-full\" src=\"https:\/\/www.alinea.be\/wp-content\/uploads\/sites\/2\/2019\/03\/foto4-webiste_0.jpg\" alt=\"\" width=\"369\" height=\"492\" srcset=\"https:\/\/www.alinea.be\/wp-content\/uploads\/sites\/2\/2019\/03\/foto4-webiste_0.jpg 369w, https:\/\/www.alinea.be\/wp-content\/uploads\/sites\/2\/2019\/03\/foto4-webiste_0-225x300.jpg 225w, https:\/\/www.alinea.be\/wp-content\/uploads\/sites\/2\/2019\/03\/foto4-webiste_0-278x370.jpg 278w\" sizes=\"(max-width: 369px) 100vw, 369px\" \/>","protected":false},"excerpt":{"rendered":"Eine gelungene Innenarchitektur ist mehr als nur R\u00e4ume gestalten und einteilen. Material, Farbe, Licht, Mobiliar, Kunst und erg\u00e4nzende Accessoires bestimmen die Atmosph\u00e4re. Wenn sie auch nicht sichtbar ist, h\u00f6rbar dagegen ist sie sehr wohl, und so liefert gute Akustik einen sehr wichtigen Beitrag f\u00fcr eine angenehme Inneneinrichtung. In (fast) all unseren Entw\u00fcrfen f\u00fcr Inneneinrichtungen werden [&hellip;]","protected":false},"author":1,"featured_media":0,"parent":0,"menu_order":4,"comment_status":"closed","ping_status":"closed","template":"","meta":{"inline_featured_image":false},"acf":[],"_links":{"self":[{"href":"https:\/\/www.alinea.be\/de\/wp-json\/wp\/v2\/pages\/1476"}],"collection":[{"href":"https:\/\/www.alinea.be\/de\/wp-json\/wp\/v2\/pages"}],"about":[{"href":"https:\/\/www.alinea.be\/de\/wp-json\/wp\/v2\/types\/page"}],"author":[{"embeddable":true,"href":"https:\/\/www.alinea.be\/de\/wp-json\/wp\/v2\/users\/1"}],"replies":[{"embeddable":true,"href":"https:\/\/www.alinea.be\/de\/wp-json\/wp\/v2\/comments?post=1476"}],"version-history":[{"count":4,"href":"https:\/\/www.alinea.be\/de\/wp-json\/wp\/v2\/pages\/1476\/revisions"}],"predecessor-version":[{"id":2634,"href":"https:\/\/www.alinea.be\/de\/wp-json\/wp\/v2\/pages\/1476\/revisions\/2634"}],"wp:attachment":[{"href":"https:\/\/www.alinea.be\/de\/wp-json\/wp\/v2\/media?parent=1476"}],"curies":[{"name":"wp","href":"https:\/\/api.w.org\/{rel}","templated":true}]}}